{"id":18436,"date":"2021-09-01T10:18:19","date_gmt":"2021-09-01T10:18:19","guid":{"rendered":"https:\/\/wydawnictwo.ug.edu.pl\/printing-department\/zespol-zaklad-poligrafii\/"},"modified":"2026-02-09T08:25:58","modified_gmt":"2026-02-09T08:25:58","slug":"team","status":"publish","type":"page","link":"https:\/\/wydawnictwo.ug.edu.pl\/en\/printing-department\/team\/","title":{"rendered":"Team"},"content":{"rendered":"<div class=\"p-5 shadow\" style=\"max-width: 300px; display: flex; flex-direction: column; align-items: center;\">\n<img decoding=\"async\" src=\"https:\/\/wydawnictwo.ug.edu.pl\/wp-content\/uploads\/2021\/09\/Maksymilian-Biniakiewicz2.png\" style=\"width: 100px; height: 100px; margin: 0px auto;\"><\/p>\n<h3 style=\"font-size: 18px; text-align: center;\">MGR MAKSYMILIAN BINIAKIEWICZ<\/h3>\n<div>Manager<\/div>\n<div>+48 58 523 14 49<\/div>\n<div>poligraf@ug.edu.pl<\/div>\n<div>maksymilian.biniakiewicz@ug.edu.pl<\/div>\n<\/div>\n<h3 class=\"py-5\">Specialist in Computer Text Processing<\/h3>\n<div>\u0141ukasz Gwizda\u0142a<\/div>\n<div>phone +48 58 523 13 50<\/div>\n<div>lukasz.gwizdala@ug.edu.pl<\/div>\n<h3 class=\"py-5\">Bookbinders<\/h3>\n<ul>\n<li>Ewa Chrzanowska<\/li>\n<li>Ma\u0142gorzata Kaczor<\/li>\n<li>Alicja Ratajczak<\/li>\n<li>Helena Ronowska<\/li>\n<li>Monika Tomczyk<\/li>\n<\/ul>\n<p>Bookbinding Department, phone +48 58 523 13 76<\/p>\n<h3 class=\"py-5\">Printer<\/h3>\n<p>Remigiusz Chlebowski<\/p>\n","protected":false},"excerpt":{"rendered":"<p>MGR MAKSYMILIAN BINIAKIEWICZ Manager +48 58 523 14 49 poligraf@ug.edu.pl maksymilian.biniakiewicz@ug.edu.pl Specialist in Computer Text Processing \u0141ukasz Gwizda\u0142a phone +48 58 523 13 50 lukasz.gwizdala@ug.edu.pl Bookbinders Ewa Chrzanowska Ma\u0142gorzata Kaczor Alicja Ratajczak Helena Ronowska Monika Tomczyk Bookbinding Department, phone +48 58 523 13 76 Printer Remigiusz Chlebowski<\/p>\n","protected":false},"author":1718,"featured_media":0,"parent":18417,"menu_order":97,"comment_status":"closed","ping_status":"closed","template":"","meta":{"_acf_changed":false,"footnotes":""},"class_list":["post-18436","page","type-page","status-publish","hentry"],"acf":[],"_links":{"self":[{"href":"https:\/\/wydawnictwo.ug.edu.pl\/en\/wp-json\/wp\/v2\/pages\/18436","targetHints":{"allow":["GET"]}}],"collection":[{"href":"https:\/\/wydawnictwo.ug.edu.pl\/en\/wp-json\/wp\/v2\/pages"}],"about":[{"href":"https:\/\/wydawnictwo.ug.edu.pl\/en\/wp-json\/wp\/v2\/types\/page"}],"author":[{"embeddable":true,"href":"https:\/\/wydawnictwo.ug.edu.pl\/en\/wp-json\/wp\/v2\/users\/1718"}],"replies":[{"embeddable":true,"href":"https:\/\/wydawnictwo.ug.edu.pl\/en\/wp-json\/wp\/v2\/comments?post=18436"}],"version-history":[{"count":2,"href":"https:\/\/wydawnictwo.ug.edu.pl\/en\/wp-json\/wp\/v2\/pages\/18436\/revisions"}],"predecessor-version":[{"id":47398,"href":"https:\/\/wydawnictwo.ug.edu.pl\/en\/wp-json\/wp\/v2\/pages\/18436\/revisions\/47398"}],"up":[{"embeddable":true,"href":"https:\/\/wydawnictwo.ug.edu.pl\/en\/wp-json\/wp\/v2\/pages\/18417"}],"wp:attachment":[{"href":"https:\/\/wydawnictwo.ug.edu.pl\/en\/wp-json\/wp\/v2\/media?parent=18436"}],"curies":[{"name":"wp","href":"https:\/\/api.w.org\/{rel}","templated":true}]}}