{"id":18407,"date":"2026-01-30T18:36:48","date_gmt":"2026-01-30T18:36:48","guid":{"rendered":"https:\/\/wydawnictwo.ug.edu.pl\/jak-zamawiac\/"},"modified":"2026-02-13T10:29:14","modified_gmt":"2026-02-13T10:29:14","slug":"jak-zamawiac","status":"publish","type":"page","link":"https:\/\/wydawnictwo.ug.edu.pl\/en\/printing-department\/jak-zamawiac\/","title":{"rendered":"How to order"},"content":{"rendered":"<p>An internal printing order can be submitted by completing the form available below and sending it electronically to the address of the Printing Department of the University of Gda\u0144sk.<\/p>\n<p><strong><a style=\"font-size: 18px;\" href=\"https:\/\/wydawnictwo.ug.edu.pl\/wp-content\/uploads\/2024\/06\/formularz_zamowienia.docx\" download=\"\">Download Order Form<\/a><\/strong><\/p>\n<p><span style=\"font-size: 16px;\">Zak\u0142ad Poligrafii Uniwersytetu Gda\u0144skiego<\/span><br \/>\n<span style=\"font-size: 16px;\">ul. Armii Krajowej 119\/121<\/span><br \/>\n<span style=\"font-size: 16px;\">81-824 Sopot<\/span><br \/>\n<span style=\"font-size: 16px;\"><a href=\"tel:+48 58 523 14 48\">+48 58 523 14 49<\/a><\/span><br \/>\n<span style=\"font-size: 16px;\"><a href=\"tel:+ 48 523 13 50\">+ 48 523 13 50<\/a><\/span><br \/>\n<span style=\"font-size: 16px;\">e-mail: <a href=\"mailto:poligraf@ug.edu.pl\">poligraf@ug.edu.pl<\/a><\/span><\/p>\n","protected":false},"excerpt":{"rendered":"<p>An internal printing order can be submitted by completing the form available below and sending it electronically to the address of the Printing Department of the University of Gda\u0144sk. Download Order Form Zak\u0142ad Poligrafii Uniwersytetu Gda\u0144skiego ul. Armii Krajowej 119\/121 81-824 Sopot +48 58 523 14 49 + 48 523 13 50 e-mail: poligraf@ug.edu.pl<\/p>\n","protected":false},"author":1718,"featured_media":0,"parent":18417,"menu_order":37,"comment_status":"closed","ping_status":"closed","template":"","meta":{"_acf_changed":false,"footnotes":""},"class_list":["post-18407","page","type-page","status-publish","hentry"],"acf":[],"_links":{"self":[{"href":"https:\/\/wydawnictwo.ug.edu.pl\/en\/wp-json\/wp\/v2\/pages\/18407","targetHints":{"allow":["GET"]}}],"collection":[{"href":"https:\/\/wydawnictwo.ug.edu.pl\/en\/wp-json\/wp\/v2\/pages"}],"about":[{"href":"https:\/\/wydawnictwo.ug.edu.pl\/en\/wp-json\/wp\/v2\/types\/page"}],"author":[{"embeddable":true,"href":"https:\/\/wydawnictwo.ug.edu.pl\/en\/wp-json\/wp\/v2\/users\/1718"}],"replies":[{"embeddable":true,"href":"https:\/\/wydawnictwo.ug.edu.pl\/en\/wp-json\/wp\/v2\/comments?post=18407"}],"version-history":[{"count":5,"href":"https:\/\/wydawnictwo.ug.edu.pl\/en\/wp-json\/wp\/v2\/pages\/18407\/revisions"}],"predecessor-version":[{"id":48746,"href":"https:\/\/wydawnictwo.ug.edu.pl\/en\/wp-json\/wp\/v2\/pages\/18407\/revisions\/48746"}],"up":[{"embeddable":true,"href":"https:\/\/wydawnictwo.ug.edu.pl\/en\/wp-json\/wp\/v2\/pages\/18417"}],"wp:attachment":[{"href":"https:\/\/wydawnictwo.ug.edu.pl\/en\/wp-json\/wp\/v2\/media?parent=18407"}],"curies":[{"name":"wp","href":"https:\/\/api.w.org\/{rel}","templated":true}]}}