{"id":18285,"date":"2021-08-16T09:50:14","date_gmt":"2021-08-16T09:50:14","guid":{"rendered":"https:\/\/wydawnictwo.ug.edu.pl\/kontakt\/"},"modified":"2026-02-09T16:18:06","modified_gmt":"2026-02-09T16:18:06","slug":"contact","status":"publish","type":"page","link":"https:\/\/wydawnictwo.ug.edu.pl\/en\/contact\/","title":{"rendered":"Contact"},"content":{"rendered":"\t\t<div data-elementor-type=\"wp-page\" data-elementor-id=\"18285\" class=\"elementor elementor-18285 elementor-7860\" data-elementor-post-type=\"page\">\n\t\t\t\t<div class=\"elementor-element elementor-element-91f790a e-con-full py-20 e-flex e-con e-parent\" data-id=\"91f790a\" data-element_type=\"container\" data-e-type=\"container\">\n\t\t<div class=\"elementor-element elementor-element-acb84c4 e-con-full e-flex e-con e-child\" data-id=\"acb84c4\" data-element_type=\"container\" data-e-type=\"container\">\n\t\t<div class=\"elementor-element elementor-element-ca2acd9 e-flex e-con-boxed e-con e-child\" data-id=\"ca2acd9\" data-element_type=\"container\" data-e-type=\"container\">\n\t\t\t\t\t<div class=\"e-con-inner\">\n\t\t\t\t<div class=\"elementor-element elementor-element-b956484 elementor-widget elementor-widget-heading\" data-id=\"b956484\" data-element_type=\"widget\" data-e-type=\"widget\" data-widget_type=\"heading.default\">\n\t\t\t\t\t<h1 class=\"elementor-heading-title elementor-size-default\">Contact<\/h1>\t\t\t\t<\/div>\n\t\t\t\t<div class=\"elementor-element elementor-element-010742d elementor-widget elementor-widget-text-editor\" data-id=\"010742d\" data-element_type=\"widget\" data-e-type=\"widget\" data-widget_type=\"text-editor.default\">\n\t\t\t\t\t\t\t\t\t<p><strong>Wydawnictwo Uniwersytetu Gda\u0144skiego<\/strong><\/p><p>ul. Armii Krajowej 119\/121<br \/>81-824 Sopot, PL<br \/><a href=\"tel:48585231483\">+48 58 523 14 83<\/a><br \/><a href=\"mailto:wydawnictwo@ug.edu.pl\">wydawnictwo@ug.edu.pl<\/a><\/p>\t\t\t\t\t\t\t\t<\/div>\n\t\t\t\t<div class=\"elementor-element elementor-element-154c7dd small elementor-widget elementor-widget-text-editor\" data-id=\"154c7dd\" data-element_type=\"widget\" data-e-type=\"widget\" data-widget_type=\"text-editor.default\">\n\t\t\t\t\t\t\t\t\t<p><strong>Invoice informations<\/strong><\/p><p>Uniwersytet Gda\u0144ski<br \/>ul. Marii Janion\u00a0<br \/>80-309 Gda\u0144sk<\/p><p>VAT number: 584-020-32-39<\/p><p>PEKAO SA IV\/O Gda\u0144sk,<br \/>PL 65 1240 1271 1111 0010 8523 8465<\/p>\t\t\t\t\t\t\t\t<\/div>\n\t\t\t\t\t<\/div>\n\t\t\t\t<\/div>\n\t\t\t\t<\/div>\n\t\t<div class=\"elementor-element elementor-element-64a382f e-con-full e-flex e-con e-child\" data-id=\"64a382f\" data-element_type=\"container\" data-e-type=\"container\">\n\t\t\t\t<div class=\"elementor-element elementor-element-1127175 shadow-lg elementor-invisible elementor-widget elementor-widget-google_maps\" data-id=\"1127175\" data-element_type=\"widget\" data-e-type=\"widget\" data-settings=\"{&quot;_animation&quot;:&quot;fadeIn&quot;}\" data-widget_type=\"google_maps.default\">\n\t\t\t\t\t\t\t<div class=\"elementor-custom-embed\">\n\t\t\t<iframe loading=\"lazy\"\n\t\t\t\t\tsrc=\"https:\/\/maps.google.com\/maps?q=Uniwersytet%20Gda%C5%84ski%20wydzia%C5%82%20Ekonnomiczny&#038;t=m&#038;z=15&#038;output=embed&#038;iwloc=near\"\n\t\t\t\t\ttitle=\"Uniwersytet Gda\u0144ski wydzia\u0142 Ekonnomiczny\"\n\t\t\t\t\taria-label=\"Uniwersytet Gda\u0144ski wydzia\u0142 Ekonnomiczny\"\n\t\t\t><\/iframe>\n\t\t<\/div>\n\t\t\t\t\t\t<\/div>\n\t\t\t\t<\/div>\n\t\t\t\t<\/div>\n\t\t<div class=\"elementor-element elementor-element-4b151c8 p-4 py-20 e-flex e-con-boxed e-con e-parent\" data-id=\"4b151c8\" data-element_type=\"container\" data-e-type=\"container\" data-settings=\"{&quot;background_background&quot;:&quot;classic&quot;}\">\n\t\t\t\t\t<div class=\"e-con-inner\">\n\t\t<div class=\"elementor-element elementor-element-b74a563 e-con-full e-flex e-con e-child\" data-id=\"b74a563\" data-element_type=\"container\" data-e-type=\"container\">\n\t\t\t\t<div class=\"elementor-element elementor-element-312067e elementor-widget elementor-widget-heading\" data-id=\"312067e\" data-element_type=\"widget\" data-e-type=\"widget\" data-widget_type=\"heading.default\">\n\t\t\t\t\t<h3 class=\"elementor-heading-title elementor-size-default\">Commercial department<\/h3>\t\t\t\t<\/div>\n\t\t\t\t<div class=\"elementor-element elementor-element-bff407b elementor-invisible elementor-widget elementor-widget-text-editor\" data-id=\"bff407b\" data-element_type=\"widget\" data-e-type=\"widget\" data-settings=\"{&quot;_animation&quot;:&quot;fadeIn&quot;}\" data-widget_type=\"text-editor.default\">\n\t\t\t\t\t\t\t\t\t<p><a href=\"tel:+48 58 523 11 37\">+48 58 523 11 37<\/a><br \/><a href=\"mailto:sklep.wydawnictwo@ug.edu.pl\">sklep.wydawnictwo@ug.edu.pl<\/a><\/p><p><a href=\"tel:+48 725 991 206\">+48 725 991 206<\/a><br \/><a href=\"mailto:stefania.lugin@ug.edu.pl\">stefania.lugin@ug.edu.pl<\/a><\/p>\t\t\t\t\t\t\t\t<\/div>\n\t\t\t\t<\/div>\n\t\t<div class=\"elementor-element elementor-element-a8c35fd e-con-full e-flex e-con e-child\" data-id=\"a8c35fd\" data-element_type=\"container\" data-e-type=\"container\">\n\t\t\t\t<div class=\"elementor-element elementor-element-e78c57f elementor-widget elementor-widget-heading\" data-id=\"e78c57f\" data-element_type=\"widget\" data-e-type=\"widget\" data-widget_type=\"heading.default\">\n\t\t\t\t\t<h3 class=\"elementor-heading-title elementor-size-default\">University Bookstore<\/h3>\t\t\t\t<\/div>\n\t\t\t\t<div class=\"elementor-element elementor-element-9f11659 elementor-invisible elementor-widget elementor-widget-text-editor\" data-id=\"9f11659\" data-element_type=\"widget\" data-e-type=\"widget\" data-settings=\"{&quot;_animation&quot;:&quot;fadeIn&quot;}\" data-widget_type=\"text-editor.default\">\n\t\t\t\t\t\t\t\t\t<p>Wydzia\u0142 Nauk Spo\u0142ecznych UG<br \/>Jana Ba\u017cy\u0144skiego 4<br \/>80-309 Gda\u0144sk<\/p><p><a href=\"tel:+48 58 523 49 91\">+48 58 523 49 91<\/a><br \/><a href=\"mailto:wojciech.kolenderski@ug.edu.pl\">wojciech.kolenderski@ug.edu.pl<\/a><\/p>\t\t\t\t\t\t\t\t<\/div>\n\t\t\t\t<\/div>\n\t\t<div class=\"elementor-element elementor-element-8c2b594 e-con-full e-flex e-con e-child\" data-id=\"8c2b594\" data-element_type=\"container\" data-e-type=\"container\">\n\t\t\t\t<div class=\"elementor-element elementor-element-56a3087 elementor-widget elementor-widget-heading\" data-id=\"56a3087\" data-element_type=\"widget\" data-e-type=\"widget\" data-widget_type=\"heading.default\">\n\t\t\t\t\t<h3 class=\"elementor-heading-title elementor-size-default\">Website <\/h3>\t\t\t\t<\/div>\n\t\t\t\t<div class=\"elementor-element elementor-element-98f5b5c elementor-invisible elementor-widget elementor-widget-text-editor\" data-id=\"98f5b5c\" data-element_type=\"widget\" data-e-type=\"widget\" data-settings=\"{&quot;_animation&quot;:&quot;fadeIn&quot;}\" data-widget_type=\"text-editor.default\">\n\t\t\t\t\t\t\t\t\t<p>Please send any comments regarding the content posted on the website to:<\/p><p><a href=\"mailto:milena.szabat@ug.edu.pl\">milena.szabat@ug.edu.pl<\/a><\/p>\t\t\t\t\t\t\t\t<\/div>\n\t\t\t\t<\/div>\n\t\t\t\t\t<\/div>\n\t\t\t\t<\/div>\n\t\t\t\t<\/div>\n\t\t","protected":false},"excerpt":{"rendered":"<p>Wydawnictwo Uniwersytetu Gda\u0144skiego ul. Armii Krajowej 119\/12181-824 Sopot, PL+48 58 523 14 83wydawnictwo@ug.edu.pl Invoice informations Uniwersytet Gda\u0144skiul. Marii Janion\u00a080-309 Gda\u0144sk VAT number: 584-020-32-39 PEKAO SA IV\/O Gda\u0144sk,PL 65 1240 1271 1111 0010 8523 8465 Commercial department +48 58 523 11 37sklep.wydawnictwo@ug.edu.pl +48 725 991 206stefania.lugin@ug.edu.pl University Bookstore Wydzia\u0142 Nauk Spo\u0142ecznych UGJana Ba\u017cy\u0144skiego 480-309 Gda\u0144sk +48 [&hellip;]<\/p>\n","protected":false},"author":1718,"featured_media":0,"parent":0,"menu_order":41,"comment_status":"closed","ping_status":"closed","template":"","meta":{"_acf_changed":false,"footnotes":""},"class_list":["post-18285","page","type-page","status-publish","hentry"],"acf":[],"jetpack_sharing_enabled":true,"_links":{"self":[{"href":"https:\/\/wydawnictwo.ug.edu.pl\/en\/wp-json\/wp\/v2\/pages\/18285","targetHints":{"allow":["GET"]}}],"collection":[{"href":"https:\/\/wydawnictwo.ug.edu.pl\/en\/wp-json\/wp\/v2\/pages"}],"about":[{"href":"https:\/\/wydawnictwo.ug.edu.pl\/en\/wp-json\/wp\/v2\/types\/page"}],"author":[{"embeddable":true,"href":"https:\/\/wydawnictwo.ug.edu.pl\/en\/wp-json\/wp\/v2\/users\/1718"}],"replies":[{"embeddable":true,"href":"https:\/\/wydawnictwo.ug.edu.pl\/en\/wp-json\/wp\/v2\/comments?post=18285"}],"version-history":[{"count":4,"href":"https:\/\/wydawnictwo.ug.edu.pl\/en\/wp-json\/wp\/v2\/pages\/18285\/revisions"}],"predecessor-version":[{"id":48143,"href":"https:\/\/wydawnictwo.ug.edu.pl\/en\/wp-json\/wp\/v2\/pages\/18285\/revisions\/48143"}],"wp:attachment":[{"href":"https:\/\/wydawnictwo.ug.edu.pl\/en\/wp-json\/wp\/v2\/media?parent=18285"}],"curies":[{"name":"wp","href":"https:\/\/api.w.org\/{rel}","templated":true}]}}